{"id":1515,"date":"2024-07-01T12:06:49","date_gmt":"2024-07-01T10:06:49","guid":{"rendered":"https:\/\/lescapade-dans-le-ciel.com\/interieur\/"},"modified":"2024-11-21T19:05:19","modified_gmt":"2024-11-21T18:05:19","slug":"interieur","status":"publish","type":"page","link":"https:\/\/lescapade-dans-le-ciel.com\/fr\/interieur\/","title":{"rendered":"Int\u00e9rieur"},"content":{"rendered":"\t\t<div data-elementor-type=\"wp-page\" data-elementor-id=\"1515\" class=\"elementor elementor-1515 elementor-382\" data-elementor-post-type=\"page\">\n\t\t\t\t<div class=\"elementor-element elementor-element-b725deb container e-flex e-con-boxed e-con e-parent\" data-id=\"b725deb\" data-element_type=\"container\">\n\t\t\t\t\t<div class=\"e-con-inner\">\n\t\t<div class=\"elementor-element elementor-element-f974634 e-con-full elementor-hidden-mobile e-flex e-con e-child\" data-id=\"f974634\" data-element_type=\"container\">\n\t\t\t\t<div class=\"elementor-element elementor-element-c3774d7 elementor-invisible elementor-widget elementor-widget-image\" data-id=\"c3774d7\" data-element_type=\"widget\" data-settings=\"{&quot;_animation&quot;:&quot;fadeInLeft&quot;}\" data-widget_type=\"image.default\">\n\t\t\t\t<div class=\"elementor-widget-container\">\n\t\t\t\t\t\t\t\t\t\t\t\t\t\t\t<img fetchpriority=\"high\" decoding=\"async\" width=\"1024\" height=\"683\" src=\"https:\/\/lescapade-dans-le-ciel.com\/wp-content\/uploads\/2024\/08\/SNP132475CH-1024x683.jpg\" class=\"attachment-large size-large wp-image-1360\" alt=\"\" srcset=\"https:\/\/lescapade-dans-le-ciel.com\/wp-content\/uploads\/2024\/08\/SNP132475CH-1024x683.jpg 1024w, https:\/\/lescapade-dans-le-ciel.com\/wp-content\/uploads\/2024\/08\/SNP132475CH-300x200.jpg 300w, https:\/\/lescapade-dans-le-ciel.com\/wp-content\/uploads\/2024\/08\/SNP132475CH-768x512.jpg 768w, https:\/\/lescapade-dans-le-ciel.com\/wp-content\/uploads\/2024\/08\/SNP132475CH.jpg 1065w\" sizes=\"(max-width: 1024px) 100vw, 1024px\" \/>\t\t\t\t\t\t\t\t\t\t\t\t\t\t\t<\/div>\n\t\t\t\t<\/div>\n\t\t\t\t<\/div>\n\t\t<div class=\"elementor-element elementor-element-81c26a3 e-con-full e-flex e-con e-child\" data-id=\"81c26a3\" data-element_type=\"container\">\n\t\t\t\t<div class=\"elementor-element elementor-element-02dc5ca elementor-absolute elementor-widget elementor-widget-heading\" data-id=\"02dc5ca\" data-element_type=\"widget\" data-settings=\"{&quot;_position&quot;:&quot;absolute&quot;}\" data-widget_type=\"heading.default\">\n\t\t\t\t<div class=\"elementor-widget-container\">\n\t\t\t\t\t<h1 class=\"elementor-heading-title elementor-size-default\">Profitez de notre bel int\u00e9rieur<\/h1>\t\t\t\t<\/div>\n\t\t\t\t<\/div>\n\t\t\t\t<\/div>\n\t\t<div class=\"elementor-element elementor-element-608c925 e-con-full e-flex e-con e-child\" data-id=\"608c925\" data-element_type=\"container\">\n\t\t\t\t<div class=\"elementor-element elementor-element-41daed9 elementor-hidden-mobile elementor-invisible elementor-widget elementor-widget-image\" data-id=\"41daed9\" data-element_type=\"widget\" data-settings=\"{&quot;_animation&quot;:&quot;fadeInRight&quot;}\" data-widget_type=\"image.default\">\n\t\t\t\t<div class=\"elementor-widget-container\">\n\t\t\t\t\t\t\t\t\t\t\t\t\t\t\t<img decoding=\"async\" width=\"1024\" height=\"681\" src=\"https:\/\/lescapade-dans-le-ciel.com\/wp-content\/uploads\/2024\/08\/SNP132498CH-1024x681.jpg\" class=\"attachment-large size-large wp-image-1362\" alt=\"\" srcset=\"https:\/\/lescapade-dans-le-ciel.com\/wp-content\/uploads\/2024\/08\/SNP132498CH-1024x681.jpg 1024w, https:\/\/lescapade-dans-le-ciel.com\/wp-content\/uploads\/2024\/08\/SNP132498CH-300x200.jpg 300w, https:\/\/lescapade-dans-le-ciel.com\/wp-content\/uploads\/2024\/08\/SNP132498CH-768x511.jpg 768w, https:\/\/lescapade-dans-le-ciel.com\/wp-content\/uploads\/2024\/08\/SNP132498CH.jpg 1028w\" sizes=\"(max-width: 1024px) 100vw, 1024px\" \/>\t\t\t\t\t\t\t\t\t\t\t\t\t\t\t<\/div>\n\t\t\t\t<\/div>\n\t\t\t\t<div class=\"elementor-element elementor-element-a903301 elementor-hidden-desktop elementor-hidden-tablet elementor-pagination-position-outside elementor-widget elementor-widget-image-carousel\" data-id=\"a903301\" data-element_type=\"widget\" data-settings=\"{&quot;slides_to_show_mobile&quot;:&quot;1&quot;,&quot;navigation&quot;:&quot;dots&quot;,&quot;autoplay&quot;:&quot;yes&quot;,&quot;pause_on_hover&quot;:&quot;yes&quot;,&quot;pause_on_interaction&quot;:&quot;yes&quot;,&quot;autoplay_speed&quot;:5000,&quot;infinite&quot;:&quot;yes&quot;,&quot;speed&quot;:500}\" data-widget_type=\"image-carousel.default\">\n\t\t\t\t<div class=\"elementor-widget-container\">\n\t\t\t\t\t\t\t<div class=\"elementor-image-carousel-wrapper swiper\" role=\"region\" aria-roledescription=\"carousel\" aria-label=\"Carrousel d\u2019images\" dir=\"ltr\">\n\t\t\t<div class=\"elementor-image-carousel swiper-wrapper\" aria-live=\"off\">\n\t\t\t\t\t\t\t\t<div class=\"swiper-slide\" role=\"group\" aria-roledescription=\"slide\" aria-label=\"1 sur 4\"><figure class=\"swiper-slide-inner\"><img decoding=\"async\" class=\"swiper-slide-image\" src=\"https:\/\/lescapade-dans-le-ciel.com\/wp-content\/uploads\/2024\/06\/lescapade-dans-le-ciel-interieur-lounge.jpg\" alt=\"lescapade-dans-le-ciel-interieur-lounge\" \/><\/figure><\/div><div class=\"swiper-slide\" role=\"group\" aria-roledescription=\"slide\" aria-label=\"2 sur 4\"><figure class=\"swiper-slide-inner\"><img decoding=\"async\" class=\"swiper-slide-image\" src=\"https:\/\/lescapade-dans-le-ciel.com\/wp-content\/uploads\/2024\/07\/lescapade-dans-le-ciel-badkamer-bad.jpg\" alt=\"lescapade-dans-le-ciel-badkamer-bad\" \/><\/figure><\/div><div class=\"swiper-slide\" role=\"group\" aria-roledescription=\"slide\" aria-label=\"3 sur 4\"><figure class=\"swiper-slide-inner\"><img decoding=\"async\" class=\"swiper-slide-image\" src=\"https:\/\/lescapade-dans-le-ciel.com\/wp-content\/uploads\/2024\/06\/lescapade-dans-le-ciel-badkamer.jpg\" alt=\"lescapade-dans-le-ciel-badkamer\" \/><\/figure><\/div><div class=\"swiper-slide\" role=\"group\" aria-roledescription=\"slide\" aria-label=\"4 sur 4\"><figure class=\"swiper-slide-inner\"><img decoding=\"async\" class=\"swiper-slide-image\" src=\"https:\/\/lescapade-dans-le-ciel.com\/wp-content\/uploads\/2024\/06\/lescapade-dans-le-ciel-slaapkamer-2.jpg\" alt=\"lescapade-dans-le-ciel-slaapkamer-2\" \/><\/figure><\/div>\t\t\t<\/div>\n\t\t\t\t\t\t\t\n\t\t\t\t\t\t\t\t\t<div class=\"swiper-pagination\"><\/div>\n\t\t\t\t\t\t\t\t\t<\/div>\n\t\t\t\t\t\t<\/div>\n\t\t\t\t<\/div>\n\t\t\t\t<\/div>\n\t\t\t\t\t<\/div>\n\t\t\t\t<\/div>\n\t\t<div class=\"elementor-element elementor-element-ecfb87f container e-flex e-con-boxed e-con e-parent\" data-id=\"ecfb87f\" data-element_type=\"container\">\n\t\t\t\t\t<div class=\"e-con-inner\">\n\t\t<div class=\"elementor-element elementor-element-bbb5d1f e-con-full elementor-hidden-mobile e-flex e-con e-child\" data-id=\"bbb5d1f\" data-element_type=\"container\">\n\t\t\t\t<div class=\"elementor-element elementor-element-cd430da elementor-invisible elementor-widget elementor-widget-image\" data-id=\"cd430da\" data-element_type=\"widget\" data-settings=\"{&quot;_animation&quot;:&quot;fadeInUp&quot;}\" data-widget_type=\"image.default\">\n\t\t\t\t<div class=\"elementor-widget-container\">\n\t\t\t\t\t\t\t\t\t\t\t\t\t\t\t<img decoding=\"async\" width=\"1024\" height=\"684\" src=\"https:\/\/lescapade-dans-le-ciel.com\/wp-content\/uploads\/2024\/08\/SNP132503CH-1024x684.jpg\" class=\"attachment-large size-large wp-image-1364\" alt=\"\" srcset=\"https:\/\/lescapade-dans-le-ciel.com\/wp-content\/uploads\/2024\/08\/SNP132503CH-1024x684.jpg 1024w, https:\/\/lescapade-dans-le-ciel.com\/wp-content\/uploads\/2024\/08\/SNP132503CH-300x200.jpg 300w, https:\/\/lescapade-dans-le-ciel.com\/wp-content\/uploads\/2024\/08\/SNP132503CH-768x513.jpg 768w, https:\/\/lescapade-dans-le-ciel.com\/wp-content\/uploads\/2024\/08\/SNP132503CH.jpg 1122w\" sizes=\"(max-width: 1024px) 100vw, 1024px\" \/>\t\t\t\t\t\t\t\t\t\t\t\t\t\t\t<\/div>\n\t\t\t\t<\/div>\n\t\t\t\t<\/div>\n\t\t\t\t\t<\/div>\n\t\t\t\t<\/div>\n\t\t<div class=\"elementor-element elementor-element-bea029f e-flex e-con-boxed e-con e-parent\" data-id=\"bea029f\" data-element_type=\"container\">\n\t\t\t\t\t<div class=\"e-con-inner\">\n\t\t<div class=\"elementor-element elementor-element-7c8db3b e-con-full e-flex e-con e-child\" data-id=\"7c8db3b\" data-element_type=\"container\">\n\t\t\t\t<div class=\"elementor-element elementor-element-ff7a535 elementor-widget elementor-widget-text-editor\" data-id=\"ff7a535\" data-element_type=\"widget\" data-widget_type=\"text-editor.default\">\n\t\t\t\t<div class=\"elementor-widget-container\">\n\t\t\t\t\t\t\t\t\t<p>Imaginez une cuisine spacieuse o\u00f9 cuisiner est un vrai plaisir, avec beaucoup d&rsquo;espace de travail et des appareils modernes.<\/p><p><br \/>Le salon confortable, avec sa belle chemin\u00e9e, invite \u00e0 la d\u00e9tente et aux conversations chaleureuses. Depuis le salon, une porte vitr\u00e9e m\u00e8ne \u00e0 la grande terrasse, o\u00f9 un barbecue int\u00e9gr\u00e9 est pr\u00eat \u00e0 accueillir vos cr\u00e9ations culinaires. Et la vue ! Un panorama \u00e9poustouflant de la magnifique vall\u00e9e s&rsquo;\u00e9tend devant vous, faisant de chaque repas une f\u00eate pour les sens.<\/p>\t\t\t\t\t\t\t\t<\/div>\n\t\t\t\t<\/div>\n\t\t\t\t<\/div>\n\t\t<div class=\"elementor-element elementor-element-e707211 e-con-full elementor-hidden-mobile e-flex e-con e-child\" data-id=\"e707211\" data-element_type=\"container\">\n\t\t\t\t<div class=\"elementor-element elementor-element-96913b6 elementor-invisible elementor-widget elementor-widget-image\" data-id=\"96913b6\" data-element_type=\"widget\" data-settings=\"{&quot;_animation&quot;:&quot;fadeInRight&quot;}\" data-widget_type=\"image.default\">\n\t\t\t\t<div class=\"elementor-widget-container\">\n\t\t\t\t\t\t\t\t\t\t\t\t\t\t\t<img loading=\"lazy\" decoding=\"async\" width=\"1024\" height=\"683\" src=\"https:\/\/lescapade-dans-le-ciel.com\/wp-content\/uploads\/2024\/08\/SNP132527CH-1024x683.jpg\" class=\"attachment-large size-large wp-image-1366\" alt=\"\" srcset=\"https:\/\/lescapade-dans-le-ciel.com\/wp-content\/uploads\/2024\/08\/SNP132527CH-1024x683.jpg 1024w, https:\/\/lescapade-dans-le-ciel.com\/wp-content\/uploads\/2024\/08\/SNP132527CH-300x200.jpg 300w, https:\/\/lescapade-dans-le-ciel.com\/wp-content\/uploads\/2024\/08\/SNP132527CH-768x513.jpg 768w, https:\/\/lescapade-dans-le-ciel.com\/wp-content\/uploads\/2024\/08\/SNP132527CH.jpg 1527w\" sizes=\"(max-width: 1024px) 100vw, 1024px\" \/>\t\t\t\t\t\t\t\t\t\t\t\t\t\t\t<\/div>\n\t\t\t\t<\/div>\n\t\t\t\t<\/div>\n\t\t\t\t\t<\/div>\n\t\t\t\t<\/div>\n\t\t<div class=\"elementor-element elementor-element-2fa3480 container e-flex e-con-boxed e-con e-parent\" data-id=\"2fa3480\" data-element_type=\"container\">\n\t\t\t\t\t<div class=\"e-con-inner\">\n\t\t<div class=\"elementor-element elementor-element-c1cb858 e-con-full e-flex e-con e-child\" data-id=\"c1cb858\" data-element_type=\"container\">\n\t\t\t\t<div class=\"elementor-element elementor-element-7d725c1 elementor-invisible elementor-widget elementor-widget-image\" data-id=\"7d725c1\" data-element_type=\"widget\" data-settings=\"{&quot;_animation&quot;:&quot;fadeInLeft&quot;}\" data-widget_type=\"image.default\">\n\t\t\t\t<div class=\"elementor-widget-container\">\n\t\t\t\t\t\t\t\t\t\t\t\t\t\t\t<img loading=\"lazy\" decoding=\"async\" width=\"1024\" height=\"682\" src=\"https:\/\/lescapade-dans-le-ciel.com\/wp-content\/uploads\/2024\/06\/lescapade-dans-le-ciel-interieur-tuin-1024x682.jpg\" class=\"attachment-large size-large wp-image-1322\" alt=\"\" srcset=\"https:\/\/lescapade-dans-le-ciel.com\/wp-content\/uploads\/2024\/06\/lescapade-dans-le-ciel-interieur-tuin-1024x682.jpg 1024w, https:\/\/lescapade-dans-le-ciel.com\/wp-content\/uploads\/2024\/06\/lescapade-dans-le-ciel-interieur-tuin-300x200.jpg 300w, https:\/\/lescapade-dans-le-ciel.com\/wp-content\/uploads\/2024\/06\/lescapade-dans-le-ciel-interieur-tuin-768x511.jpg 768w, https:\/\/lescapade-dans-le-ciel.com\/wp-content\/uploads\/2024\/06\/lescapade-dans-le-ciel-interieur-tuin.jpg 1280w\" sizes=\"(max-width: 1024px) 100vw, 1024px\" \/>\t\t\t\t\t\t\t\t\t\t\t\t\t\t\t<\/div>\n\t\t\t\t<\/div>\n\t\t\t\t<\/div>\n\t\t<div class=\"elementor-element elementor-element-f39d520 e-con-full e-flex e-con e-child\" data-id=\"f39d520\" data-element_type=\"container\">\n\t\t\t\t<div class=\"elementor-element elementor-element-82c7416 elementor-widget elementor-widget-heading\" data-id=\"82c7416\" data-element_type=\"widget\" data-widget_type=\"heading.default\">\n\t\t\t\t<div class=\"elementor-widget-container\">\n\t\t\t\t\t<h2 class=\"elementor-heading-title elementor-size-default\">Notre patio<\/h2>\t\t\t\t<\/div>\n\t\t\t\t<\/div>\n\t\t\t\t<div class=\"elementor-element elementor-element-748435f elementor-widget elementor-widget-text-editor\" data-id=\"748435f\" data-element_type=\"widget\" data-widget_type=\"text-editor.default\">\n\t\t\t\t<div class=\"elementor-widget-container\">\n\t\t\t\t\t\t\t\t\t<p>Et pour les d\u00eeners plus intimes, il y a un petit patio, parfait pour partager des plats d\u00e9licieux et des moments pr\u00e9cieux avec ceux que l&rsquo;on aime.<\/p>\t\t\t\t\t\t\t\t<\/div>\n\t\t\t\t<\/div>\n\t\t\t\t<div class=\"elementor-element elementor-element-bbab0fb elementor-widget elementor-widget-button\" data-id=\"bbab0fb\" data-element_type=\"widget\" data-widget_type=\"button.default\">\n\t\t\t\t<div class=\"elementor-widget-container\">\n\t\t\t\t\t\t\t\t\t<div class=\"elementor-button-wrapper\">\n\t\t\t\t\t<a class=\"elementor-button elementor-button-link elementor-size-sm\" href=\"https:\/\/lescapade-dans-le-ciel.com\/fr\/reservez-maintenant\/\">\n\t\t\t\t\t\t<span class=\"elementor-button-content-wrapper\">\n\t\t\t\t\t\t\t\t\t<span class=\"elementor-button-text\">R\u00e9servez maintenant<\/span>\n\t\t\t\t\t<\/span>\n\t\t\t\t\t<\/a>\n\t\t\t\t<\/div>\n\t\t\t\t\t\t\t\t<\/div>\n\t\t\t\t<\/div>\n\t\t\t\t<\/div>\n\t\t\t\t\t<\/div>\n\t\t\t\t<\/div>\n\t\t<div class=\"elementor-element elementor-element-0495934 e-flex e-con-boxed e-con e-parent\" data-id=\"0495934\" data-element_type=\"container\">\n\t\t\t\t\t<div class=\"e-con-inner\">\n\t\t\t\t<div class=\"elementor-element elementor-element-57ad0da elementor-widget elementor-widget-template\" data-id=\"57ad0da\" data-element_type=\"widget\" data-widget_type=\"template.default\">\n\t\t\t\t<div class=\"elementor-widget-container\">\n\t\t\t\t\t\t\t<div class=\"elementor-template\">\n\t\t\t\t\t<footer data-elementor-type=\"footer\" data-elementor-id=\"1459\" class=\"elementor elementor-1459 elementor-673\" data-elementor-post-type=\"elementor_library\">\n\t\t\t<div class=\"elementor-element elementor-element-b9db76b container e-flex e-con-boxed e-con e-parent\" data-id=\"b9db76b\" data-element_type=\"container\">\n\t\t\t\t\t<div class=\"e-con-inner\">\n\t\t<div class=\"elementor-element elementor-element-eccfab6 e-con-full e-flex e-con e-child\" data-id=\"eccfab6\" data-element_type=\"container\">\n\t\t\t\t<div class=\"elementor-element elementor-element-86abece elementor-widget elementor-widget-text-editor\" data-id=\"86abece\" data-element_type=\"widget\" data-widget_type=\"text-editor.default\">\n\t\t\t\t<div class=\"elementor-widget-container\">\n\t\t\t\t\t\t\t\t\t<p>\u00a9 2024 L\u2019escapade dans le ciel &#8211; <a href=\"https:\/\/lescapade-dans-le-ciel.com\/wp-content\/uploads\/2024\/11\/FR-contrat-de-location-Lescapade-dans-le-ciel-2023.pdf\" target=\"_blank\" rel=\"noopener\">Conditions g\u00e9n\u00e9rales d&rsquo;utilisation<\/a> &#8211; <a href=\"https:\/\/lescapade-dans-le-ciel.com\/fr\/politique-de-confidentialite\/\">Politique de confidentialit\u00e9<\/a> et <a href=\"https:\/\/lescapade-dans-le-ciel.com\/fr\/politique-en-matiere-de-cookies\/\">politique en mati\u00e8re de cookies<\/a><\/p>\t\t\t\t\t\t\t\t<\/div>\n\t\t\t\t<\/div>\n\t\t\t\t<\/div>\n\t\t\t\t<div class=\"elementor-element elementor-element-a2065c1 elementor-widget elementor-widget-text-editor\" data-id=\"a2065c1\" data-element_type=\"widget\" data-widget_type=\"text-editor.default\">\n\t\t\t\t<div class=\"elementor-widget-container\">\n\t\t\t\t\t\t\t\t\tBy <a href=\"http:\/\/castaar.com\" target=\"_blank\" rel=\"sponsored nofollow\"><img loading=\"lazy\" decoding=\"async\" class=\"alignnone wp-image-569\" src=\"https:\/\/lescapade-dans-le-ciel.com\/wp-content\/uploads\/2025\/07\/Logo_Castaar.svg\" alt=\"\" width=\"56\" height=\"9\" \/><\/a>\t\t\t\t\t\t\t\t<\/div>\n\t\t\t\t<\/div>\n\t\t\t\t\t<\/div>\n\t\t\t\t<\/div>\n\t\t\t\t<\/footer>\n\t\t\t\t<\/div>\n\t\t\t\t\t\t<\/div>\n\t\t\t\t<\/div>\n\t\t\t\t\t<\/div>\n\t\t\t\t<\/div>\n\t\t\t\t<\/div>\n\t\t","protected":false},"excerpt":{"rendered":"<p>Profitez de notre bel int\u00e9rieur Imaginez une cuisine spacieuse o\u00f9 cuisiner est un vrai plaisir, avec beaucoup d&rsquo;espace de travail et des appareils modernes. Le salon confortable, avec sa belle chemin\u00e9e, invite \u00e0 la d\u00e9tente et aux conversations chaleureuses. Depuis le salon, une porte vitr\u00e9e m\u00e8ne \u00e0 la grande terrasse, o\u00f9 un barbecue int\u00e9gr\u00e9 est [&hellip;]<\/p>\n","protected":false},"author":1,"featured_media":0,"parent":0,"menu_order":7,"comment_status":"closed","ping_status":"closed","template":"","meta":{"footnotes":""},"class_list":["post-1515","page","type-page","status-publish","hentry"],"_links":{"self":[{"href":"https:\/\/lescapade-dans-le-ciel.com\/fr\/wp-json\/wp\/v2\/pages\/1515","targetHints":{"allow":["GET"]}}],"collection":[{"href":"https:\/\/lescapade-dans-le-ciel.com\/fr\/wp-json\/wp\/v2\/pages"}],"about":[{"href":"https:\/\/lescapade-dans-le-ciel.com\/fr\/wp-json\/wp\/v2\/types\/page"}],"author":[{"embeddable":true,"href":"https:\/\/lescapade-dans-le-ciel.com\/fr\/wp-json\/wp\/v2\/users\/1"}],"replies":[{"embeddable":true,"href":"https:\/\/lescapade-dans-le-ciel.com\/fr\/wp-json\/wp\/v2\/comments?post=1515"}],"version-history":[{"count":4,"href":"https:\/\/lescapade-dans-le-ciel.com\/fr\/wp-json\/wp\/v2\/pages\/1515\/revisions"}],"predecessor-version":[{"id":1579,"href":"https:\/\/lescapade-dans-le-ciel.com\/fr\/wp-json\/wp\/v2\/pages\/1515\/revisions\/1579"}],"wp:attachment":[{"href":"https:\/\/lescapade-dans-le-ciel.com\/fr\/wp-json\/wp\/v2\/media?parent=1515"}],"curies":[{"name":"wp","href":"https:\/\/api.w.org\/{rel}","templated":true}]}}